{"id":81,"date":"2024-03-19T12:52:37","date_gmt":"2024-03-19T12:52:37","guid":{"rendered":"https:\/\/uniondecirujanos.com\/wps\/?page_id=81"},"modified":"2026-01-23T20:39:59","modified_gmt":"2026-01-23T20:39:59","slug":"atencion-al-usuario","status":"publish","type":"page","link":"https:\/\/uniondecirujanos.com\/wps\/?page_id=81","title":{"rendered":"Derechos y Deberes"},"content":{"rendered":"\t\t<div data-elementor-type=\"wp-page\" data-elementor-id=\"81\" class=\"elementor elementor-81\">\n\t\t\t\t<div class=\"elementor-element elementor-element-4a2286d e-flex e-con-boxed e-con e-parent\" data-id=\"4a2286d\" data-element_type=\"container\" data-settings=\"{&quot;background_background&quot;:&quot;classic&quot;}\">\n\t\t\t\t\t<div class=\"e-con-inner\">\n\t\t\t\t<div class=\"elementor-element elementor-element-451a9a7 elementor-widget elementor-widget-heading\" data-id=\"451a9a7\" data-element_type=\"widget\" data-widget_type=\"heading.default\">\n\t\t\t\t<div class=\"elementor-widget-container\">\n\t\t\t\t\t<h2 class=\"elementor-heading-title elementor-size-default\">Derechos y Deberes<\/h2>\t\t\t\t<\/div>\n\t\t\t\t<\/div>\n\t\t\t\t\t<\/div>\n\t\t\t\t<\/div>\n\t\t<div class=\"elementor-element elementor-element-37cee7f e-flex e-con-boxed e-con e-parent\" data-id=\"37cee7f\" data-element_type=\"container\">\n\t\t\t\t\t<div class=\"e-con-inner\">\n\t\t<div class=\"elementor-element elementor-element-76b16ce e-con-full e-flex e-con e-child\" data-id=\"76b16ce\" data-element_type=\"container\">\n\t\t\t\t<div class=\"elementor-element elementor-element-99549d0 elementor-widget elementor-widget-image\" data-id=\"99549d0\" data-element_type=\"widget\" data-widget_type=\"image.default\">\n\t\t\t\t<div class=\"elementor-widget-container\">\n\t\t\t\t\t\t\t\t\t\t\t\t\t\t\t<img fetchpriority=\"high\" decoding=\"async\" width=\"583\" height=\"1024\" src=\"https:\/\/uniondecirujanos.com\/wps\/wp-content\/uploads\/2024\/03\/Infografia-1.png\" class=\"attachment-large size-large wp-image-138\" alt=\"Derechos del paciente\" \/>\t\t\t\t\t\t\t\t\t\t\t\t\t\t\t<\/div>\n\t\t\t\t<\/div>\n\t\t\t\t<div class=\"elementor-element elementor-element-3461d56 elementor-widget elementor-widget-heading\" data-id=\"3461d56\" data-element_type=\"widget\" data-widget_type=\"heading.default\">\n\t\t\t\t<div class=\"elementor-widget-container\">\n\t\t\t\t\t<h5 class=\"elementor-heading-title elementor-size-default\">Derechos de los usuarios<\/h5>\t\t\t\t<\/div>\n\t\t\t\t<\/div>\n\t\t\t\t<div class=\"elementor-element elementor-element-3407327 elementor-widget elementor-widget-text-editor\" data-id=\"3407327\" data-element_type=\"widget\" data-widget_type=\"text-editor.default\">\n\t\t\t\t<div class=\"elementor-widget-container\">\n\t\t\t\t\t\t\t\t\t<p>Los\u00a0<strong>derechos<\/strong>\u00a0incluyen el derecho de acceso a un sistema de protecci\u00f3n de la salud que ofrezca a todas las personas las mismas oportunidades de disfrutar del grado m\u00e1ximo de salud que se pueda alcanzar.<\/p>\n<ul>\n<li>DERECHOS DE LOS USUARIOS:<br \/>\u2022\u00a0<strong>Acceder<\/strong>\u00a0a los servicios que\u00a0<strong>garanticen<\/strong>\u00a0una atenci\u00f3n integral, oportuna y de alta calidad.<br \/>\u2022\u00a0<strong>Obtener informaci\u00f3n clara<\/strong>, apropiada y oportuna por parte del profesional de la salud que le permita\u00a0<strong>tomar<\/strong>\u00a0decisiones con\u00a0<strong>respecto<\/strong>\u00a0a su enfermedad.<br \/>\u2022\u00a0<strong>Recibir un trato igualitario<\/strong>\u00a0y con\u00a0<strong>respeto<\/strong>, no ser discriminado por\u00a0<strong>razones<\/strong>\u00a0raciales, socioecon\u00f3micas, de sexo, edad, ideol\u00f3gicas, religiosas y pol\u00edticas.<br \/>\u2022 Ser\u00a0<strong>escuchado<\/strong>\u00a0y\u00a0<strong>atendido<\/strong>\u00a0en forma oportuna, respetuosa, humanizada y en un\u00a0<strong>ambiente adecuado<\/strong>.<br \/>\u2022 Ser informado y asesorado sobre los procedimientos, tr\u00e1mites y requisitos necesarios para\u00a0<strong>acceder<\/strong>\u00a0a los servicios al igual que los canales para\u00a0<strong>presentar<\/strong>\u00a0quejas y sugerencias.<br \/>\u2022\u00a0<strong>Tener<\/strong>\u00a0una historia cl\u00ednica tratada de manera confidencial y obtener copia en t\u00e9rminos legales y reglamentarios, ser conocida por terceros con previa\u00a0<strong>autorizaci\u00f3n<\/strong>\u00a0del paciente o en casos previstos\u00a0<strong>por la ley<\/strong>.<br \/>\u2022 Morir\u00a0<strong>dignamente<\/strong>\u00a0y a que se le\u00a0<strong>respete su voluntad<\/strong>\u00a0de permitir que el proceso de la muerte siga su curso en la fase terminal de su enfermedad.<br \/>\u2022\u00a0<strong>Elegir<\/strong>\u00a0libremente medico y los profesionales de la salud, dentro del\u00a0<strong>recurso disponible<\/strong>\u00a0en la instituci\u00f3n.<\/li>\n<\/ul>\t\t\t\t\t\t\t\t<\/div>\n\t\t\t\t<\/div>\n\t\t\t\t<\/div>\n\t\t<div class=\"elementor-element elementor-element-5e6f924 e-con-full e-flex e-con e-child\" data-id=\"5e6f924\" data-element_type=\"container\">\n\t\t\t\t<div class=\"elementor-element elementor-element-799632f elementor-widget elementor-widget-image\" data-id=\"799632f\" data-element_type=\"widget\" data-widget_type=\"image.default\">\n\t\t\t\t<div class=\"elementor-widget-container\">\n\t\t\t\t\t\t\t\t\t\t\t\t\t\t\t<img decoding=\"async\" width=\"583\" height=\"1024\" src=\"https:\/\/uniondecirujanos.com\/wps\/wp-content\/uploads\/2024\/03\/Infografia2-1.png\" class=\"attachment-large size-large wp-image-139\" alt=\"Deberes del paciente\" \/>\t\t\t\t\t\t\t\t\t\t\t\t\t\t\t<\/div>\n\t\t\t\t<\/div>\n\t\t\t\t<div class=\"elementor-element elementor-element-8863a55 elementor-widget elementor-widget-heading\" data-id=\"8863a55\" data-element_type=\"widget\" data-widget_type=\"heading.default\">\n\t\t\t\t<div class=\"elementor-widget-container\">\n\t\t\t\t\t<h5 class=\"elementor-heading-title elementor-size-default\">Deberes de los usuarios<\/h5>\t\t\t\t<\/div>\n\t\t\t\t<\/div>\n\t\t\t\t<div class=\"elementor-element elementor-element-a53b694 elementor-widget elementor-widget-text-editor\" data-id=\"a53b694\" data-element_type=\"widget\" data-widget_type=\"text-editor.default\">\n\t\t\t\t<div class=\"elementor-widget-container\">\n\t\t\t\t\t\t\t\t\t<p>Los\u00a0<strong>deberes<\/strong>, son aquellas obligaciones que deben cumplir los seres humanos para asegurar una convivencia en comunidad.<\/p>\n<ul>\n<li>DEBERES DE LOS USUARIOS:<br \/>\u2022\u00a0<strong>Dirigirse<\/strong>\u00a0con\u00a0<strong>respeto<\/strong>\u00a0al personal responsable de la prestaci\u00f3n de los servicios de salud y con los otros usuarios.<br \/>\u2022\u00a0<strong>Respetar<\/strong>\u00a0con cada una de las\u00a0<strong>normas<\/strong>\u00a0establecidas en la instituci\u00f3n.<br \/>\u2022\u00a0<strong>Cuidar<\/strong>\u00a0las instalaciones, servicios y equipos que sean utilizados a su servicio.<br \/>\u2022\u00a0<strong>Cumplir<\/strong>\u00a0con las\u00a0<strong>citas<\/strong>\u00a0asignadas o cancelarlas con anticipaci\u00f3n cuando no pueda asistir.<br \/>\u2022\u00a0<strong>Propender<\/strong>\u00a0por su\u00a0<strong>autocuidado<\/strong>\u00a0siguiendo las indicaciones y recomendaciones de los profesionales de salud.<br \/>\u2022\u00a0<strong>Asumir<\/strong>\u00a0las\u00a0<strong>decisiones<\/strong>\u00a0en los tratamientos ofrecidos por el personal de salud.<br \/>\u2022\u00a0<strong>Suministrar informaci\u00f3n<\/strong>, clara y\u00a0<strong>verdadera<\/strong>\u00a0sobre su estado de salud al igual que la documentaci\u00f3n requerida para los tramites respectivos.<br \/>\u2022\u00a0<strong>Velar<\/strong>\u00a0por\u00a0<strong>mantener su afiliaci\u00f3n<\/strong>\u00a0al sistema de seguridad social y el de su n\u00facleo familiar e informar sobre cualquier cambio que surja.<\/li>\n<\/ul>\t\t\t\t\t\t\t\t<\/div>\n\t\t\t\t<\/div>\n\t\t\t\t<div class=\"elementor-element elementor-element-5564a1c elementor-widget elementor-widget-image\" data-id=\"5564a1c\" data-element_type=\"widget\" data-widget_type=\"image.default\">\n\t\t\t\t<div class=\"elementor-widget-container\">\n\t\t\t\t\t\t\t\t\t\t\t\t\t\t\t<img decoding=\"async\" width=\"1024\" height=\"768\" src=\"https:\/\/uniondecirujanos.com\/wps\/wp-content\/uploads\/2026\/01\/CIRUGIA-AREA-DE-PREPARACION-DE-PACIENTES-0-1.jpg\" class=\"attachment-large size-large wp-image-488\" alt=\"Preparaci\u00f3n de cirugia\" \/>\t\t\t\t\t\t\t\t\t\t\t\t\t\t\t<\/div>\n\t\t\t\t<\/div>\n\t\t\t\t<\/div>\n\t\t\t\t\t<\/div>\n\t\t\t\t<\/div>\n\t\t\t\t<\/div>\n\t\t","protected":false},"excerpt":{"rendered":"<p>Derechos y Deberes Derechos de los usuarios Los\u00a0derechos\u00a0incluyen el derecho de acceso a un sistema de protecci\u00f3n de la salud que ofrezca [&hellip;]<\/p>\n","protected":false},"author":1,"featured_media":0,"parent":0,"menu_order":0,"comment_status":"closed","ping_status":"closed","template":"elementor_header_footer","meta":{"_monsterinsights_skip_tracking":false,"_monsterinsights_sitenote_active":false,"_monsterinsights_sitenote_note":"","_monsterinsights_sitenote_category":0,"footnotes":""},"class_list":["post-81","page","type-page","status-publish","hentry"],"aioseo_notices":[],"_links":{"self":[{"href":"https:\/\/uniondecirujanos.com\/wps\/index.php?rest_route=\/wp\/v2\/pages\/81","targetHints":{"allow":["GET"]}}],"collection":[{"href":"https:\/\/uniondecirujanos.com\/wps\/index.php?rest_route=\/wp\/v2\/pages"}],"about":[{"href":"https:\/\/uniondecirujanos.com\/wps\/index.php?rest_route=\/wp\/v2\/types\/page"}],"author":[{"embeddable":true,"href":"https:\/\/uniondecirujanos.com\/wps\/index.php?rest_route=\/wp\/v2\/users\/1"}],"replies":[{"embeddable":true,"href":"https:\/\/uniondecirujanos.com\/wps\/index.php?rest_route=%2Fwp%2Fv2%2Fcomments&post=81"}],"version-history":[{"count":26,"href":"https:\/\/uniondecirujanos.com\/wps\/index.php?rest_route=\/wp\/v2\/pages\/81\/revisions"}],"predecessor-version":[{"id":491,"href":"https:\/\/uniondecirujanos.com\/wps\/index.php?rest_route=\/wp\/v2\/pages\/81\/revisions\/491"}],"wp:attachment":[{"href":"https:\/\/uniondecirujanos.com\/wps\/index.php?rest_route=%2Fwp%2Fv2%2Fmedia&parent=81"}],"curies":[{"name":"wp","href":"https:\/\/api.w.org\/{rel}","templated":true}]}}