{"id":31,"date":"2024-03-15T20:18:01","date_gmt":"2024-03-15T20:18:01","guid":{"rendered":"https:\/\/uniondecirujanos.com\/wps\/?page_id=31"},"modified":"2026-01-23T17:18:44","modified_gmt":"2026-01-23T17:18:44","slug":"nosotros","status":"publish","type":"page","link":"https:\/\/uniondecirujanos.com\/wps\/?page_id=31","title":{"rendered":"Nosotros"},"content":{"rendered":"\t\t<div data-elementor-type=\"wp-page\" data-elementor-id=\"31\" class=\"elementor elementor-31\">\n\t\t\t\t<div class=\"elementor-element elementor-element-32746c76 e-flex e-con-boxed e-con e-parent\" data-id=\"32746c76\" data-element_type=\"container\">\n\t\t\t\t\t<div class=\"e-con-inner\">\n\t\t\t\t<div class=\"elementor-element elementor-element-37005648 elementor-widget elementor-widget-text-editor\" data-id=\"37005648\" data-element_type=\"widget\" data-widget_type=\"text-editor.default\">\n\t\t\t\t<div class=\"elementor-widget-container\">\n\t\t\t\t\t\t\t\t\t<div class=\"wp-block-group alignfull\" style=\"margin-top: 0; margin-bottom: 0; padding: var(--wp--preset--spacing--50);\">\n<div class=\"wp-block-group alignwide\">\n<div class=\"wp-block-group\">\n<p class=\"has-text-align-center has-large-font-size\"><strong>Rese\u00f1a Hist\u00f3rica<\/strong><\/p>\n<p><!-- \/wp:paragraph --><\/p>\n<p><!-- wp:paragraph {\"style\":{\"spacing\":{\"padding\":{\"top\":\"0\",\"bottom\":\"0\",\"left\":\"0\",\"right\":\"0\"}}},\"fontSize\":\"medium\"} --><\/p>\n<p class=\"has-medium-font-size\" style=\"padding: 0;\">Fundada el 26 de agosto del 2010, naci\u00f3 de la idea de L\u00e1zaro Antonio Arango Molano Cirujano General y Gastrointestinal de crear un servicio de Endoscopia en el que inicialmente trabajaran cirujanos con entrenamiento en Gastroenterolog\u00eda. En el tiempo a \u00e9l se Unieron como endoscopistas La Dra Claudia Diaz y El Dr Fabian Puentes. De ah\u00ed el servicio fue creciendo e incorporando m\u00e1s endoscopistas cirujanos y un Gastroenter\u00f3logo Cl\u00ednico, el grupo de la sede Manizales fue reforzado con Andr\u00e9s S\u00e1nchez, Alberto Angel Pinz\u00f3n y Mario Jaramillo. Hacia el a\u00f1o 2019 Uni\u00f3n se hab\u00eda consolidado como una empresa de atenci\u00f3n de casi todas las Eps \u00a0en el \u00e1rea de la Gastroenterolog\u00eda y Endoscopia, sobresaliendo en la atenci\u00f3n de pacientes con procedimientos complejos de Gastroenterolog\u00eda. Desde el a\u00f1o 2012 se ven\u00edan haciendo procedimientos de avanzada como la CPRE, la Endosonografia, la Enteroscopia entre otros y se deslizaban muchos pacientes con C\u00e1ncer digestivo. Es as\u00ed como en el 2019 el grupo Victoria y Onc\u00f3logos de occidente adquieren la compa\u00f1\u00eda, bajo la modalidad de permitir que Uni\u00f3n de cirujanos quedara con un porcentaje de acciones de Onc\u00f3logos de occidente. posterior a este proceso se crean sedes de Union en Pereira y Armenia y se vinculan otros especialistas como la Dra M\u00f3nica Londo\u00f1o, el Dr Carlos Jaramillo, el Dr Luis Villota, el Dr Vladimir Estrada y el Dr Jorge Osorio. Ya en el a\u00f1o 2022 y hacia diciembre el grupo Onc\u00f3logos &#8211; Uni\u00f3n de Cirujanos es adquirido por el grupo Zentria y la empresa sigue creciendo y vincula otros especialistas como son, Juan Carlos Mar\u00edn, Jos\u00e9 Ignacio Arias, Luis Casta\u00f1eda, Rodrigo Jim\u00e9nez.<\/p>\n<p><!-- \/wp:paragraph --><\/p>\n<\/div>\n<p><!-- \/wp:group --><\/p>\n<\/div>\n<p><!-- \/wp:group --><\/p>\n<p><!-- wp:group {\"align\":\"wide\",\"style\":{\"spacing\":{\"blockGap\":\"0\"}},\"layout\":{\"type\":\"constrained\"}} --><\/p>\n<div class=\"wp-block-group alignwide\">\n<p><!-- wp:columns {\"align\":\"wide\",\"style\":{\"spacing\":{\"blockGap\":{\"top\":\"var:preset|spacing|50\",\"left\":\"var:preset|spacing|60\"},\"margin\":{\"top\":\"var:preset|spacing|10\",\"bottom\":\"var:preset|spacing|10\"}}}} --><\/p>\n<div class=\"wp-block-columns alignwide\" style=\"margin-top: var(--wp--preset--spacing--10); margin-bottom: var(--wp--preset--spacing--10);\">\n<p><!-- wp:column {\"verticalAlignment\":\"center\",\"width\":\"44.44%\"} --><\/p>\n<div class=\"wp-block-column is-vertically-aligned-center\" style=\"flex-basis: 44.44%;\">\n<p><!-- wp:heading {\"level\":3,\"className\":\"is-style-asterisk\"} --><\/p>\n<h3 class=\"wp-block-heading is-style-asterisk\">Misi\u00f3n<\/h3>\n<p><!-- \/wp:heading --><\/p>\n<p><!-- wp:paragraph --><\/p>\n<p>Contribuir al mejoramiento en la calidad de vida de nuestros usuarios y sus familias, prestando servicios especializados de salud con un personal altamente calificado, con sentido humano, centrando su actuar en la responsabilidad, eficiencia, bienestar y seguridad de los usuarios apoyados en procesos y procedimientos seguros, con una infraestructura adecuada, y condiciones cient\u00edficas y tecnol\u00f3gicas actuales.<\/p>\n<p><!-- \/wp:paragraph --><\/p>\n<\/div>\n<p><!-- \/wp:column --><\/p>\n<p><!-- wp:column {\"width\":\"55.56%\"} --><\/p>\n<div class=\"wp-block-column\" style=\"flex-basis: 55.56%;\">\n<p><!-- wp:image {\"id\":13,\"width\":\"568px\",\"height\":\"auto\",\"sizeSlug\":\"full\",\"linkDestination\":\"none\",\"className\":\"is-style-rounded\"} --><\/p>\n<figure class=\"wp-block-image size-full is-resized is-style-rounded\"><img fetchpriority=\"high\" decoding=\"async\" width=\"722\" height=\"539\" class=\"wp-image-13\" style=\"width: 568px; height: auto;\" src=\"https:\/\/uniondecirujanos.com\/wps\/wp-content\/uploads\/2024\/03\/Imagen-2.jpeg\" alt=\"Uni\u00f3n de cirujanos\" \/><\/figure>\n<p><!-- \/wp:image --><\/p>\n<\/div>\n<p><!-- \/wp:column --><\/p>\n<\/div>\n<p><!-- \/wp:columns --><\/p>\n<p><!-- wp:columns {\"align\":\"wide\",\"style\":{\"spacing\":{\"blockGap\":{\"top\":\"var:preset|spacing|50\",\"left\":\"var:preset|spacing|60\"},\"margin\":{\"top\":\"var:preset|spacing|10\",\"bottom\":\"var:preset|spacing|10\"}}}} --><\/p>\n<div class=\"wp-block-columns alignwide\" style=\"margin-top: var(--wp--preset--spacing--10); margin-bottom: var(--wp--preset--spacing--10);\">\n<p><!-- wp:column {\"width\":\"50%\"} --><\/p>\n<div class=\"wp-block-column\" style=\"flex-basis: 50%;\">\n<p><!-- wp:image {\"id\":11,\"sizeSlug\":\"full\",\"linkDestination\":\"none\",\"className\":\"is-style-rounded\"} --><\/p>\n<figure class=\"wp-block-image size-full is-style-rounded\"><img decoding=\"async\" width=\"1600\" height=\"1600\" class=\"wp-image-11\" src=\"https:\/\/uniondecirujanos.com\/wps\/wp-content\/uploads\/2024\/03\/Imagen-5.jpeg\" alt=\"Uni\u00f3n de Cirujanos\" \/><\/figure>\n<p><!-- \/wp:image --><\/p>\n<\/div>\n<p><!-- \/wp:column --><\/p>\n<p><!-- wp:column {\"verticalAlignment\":\"center\",\"width\":\"40%\"} --><\/p>\n<div class=\"wp-block-column is-vertically-aligned-center\" style=\"flex-basis: 40%;\">\n<p><!-- wp:heading {\"level\":3,\"className\":\"is-style-asterisk\"} --><\/p>\n<h3 class=\"wp-block-heading is-style-asterisk\">Visi\u00f3n<\/h3>\n<p><!-- \/wp:heading --><\/p>\n<p><!-- wp:paragraph --><\/p>\n<p>Ser l\u00edder en el mercado a nivel nacional como empresa sostenible, ofreciendo una atenci\u00f3n en diferentes \u00e1reas de la salud, con c\u00e1lido sentido humano, prestaci\u00f3n de los servicios centrados en la responsabilidad, eficiencia y seguridad del paciente, con una tecnolog\u00eda de punta y protegiendo el medio ambiente.<\/p>\n<p><!-- \/wp:paragraph --><\/p>\n<\/div>\n<p><!-- \/wp:column --><\/p>\n<\/div>\n<p><!-- \/wp:columns --><\/p>\n<\/div>\n<p><!-- \/wp:group --><\/p>\n<p><!-- wp:group {\"align\":\"wide\",\"layout\":{\"type\":\"flex\",\"orientation\":\"vertical\"}} --><\/p>\n<div class=\"wp-block-group alignwide\">\n<p><!-- wp:paragraph {\"align\":\"center\",\"fontSize\":\"large\"} --><\/p>\n<p class=\"has-text-align-center has-large-font-size\"><strong>Valores Corporativos<\/strong><\/p>\n<p><!-- \/wp:paragraph --><\/p>\n<p><!-- wp:paragraph --><\/p>\n<p>Los siguientes, son nuestros Valores Corporativos:<\/p>\n<\/div>\n<div class=\"wp-block-group alignwide has-background has-small-font-size\" style=\"background-color: #e5e5e5; margin-top: var(--wp--preset--spacing--30); margin-bottom: var(--wp--preset--spacing--30); padding: var(--wp--preset--spacing--10);\">\n<p><!-- wp:paragraph --><\/p>\n<p>\u00b7 <strong>DIGNIDAD HUMANA: <\/strong><\/p>\n<p><!-- \/wp:paragraph --><\/p>\n<p><!-- wp:paragraph --><\/p>\n<p>Trato digno, garantizando los derechos inherentes al ser humano.<\/p>\n<p><!-- \/wp:paragraph --><\/p>\n<p><!-- wp:paragraph --><\/p>\n<p><strong>\u00b7RESPONSABILIDAD:<\/strong><\/p>\n<p><!-- \/wp:paragraph --><\/p>\n<p><!-- wp:paragraph --><\/p>\n<p>Conocimiento amplio del hacer para as\u00ed brindar una asistencia segura a cada una de las personas que reciben nuestros servicios.<\/p>\n<p><!-- \/wp:paragraph --><\/p>\n<p><!-- wp:paragraph --><\/p>\n<p><strong>\u00b7 EFICIENCIA:<\/strong><\/p>\n<p><!-- \/wp:paragraph --><\/p>\n<p><!-- wp:paragraph --><\/p>\n<p>Que nuestro servicio se entregue con oportunidad, satisfaciendo las necesidades de nuestros usuarios y mejorando con nuestra intervenci\u00f3n la calidad de vida tanto del paciente como de sus familias.<\/p>\n<p><!-- \/wp:paragraph --><\/p>\n<p><!-- wp:paragraph --><\/p>\n<p><strong>\u00b7 TECNOLOG\u00cdA:<\/strong><\/p>\n<p><!-- \/wp:paragraph --><\/p>\n<p><!-- wp:paragraph --><\/p>\n<p>Propender por utilizar tecnolog\u00eda de punta, para as\u00ed obtener diagn\u00f3sticos claros y precisos.<\/p>\n<p><!-- \/wp:paragraph --><\/p>\n<p><!-- wp:paragraph --><\/p>\n<p><strong>\u00b7 HONESTIDAD:<\/strong><\/p>\n<p><!-- \/wp:paragraph --><\/p>\n<p><!-- wp:paragraph --><\/p>\n<p>Actuar en forma honrada, transparente, recta y decente con los diferentes Grupos de Inter\u00e9s.<\/p>\n<p><!-- \/wp:paragraph --><\/p>\n<p><strong>\u00b7 EXCELENCIA:<\/strong><\/p>\n<div class=\"wp-block-group\">\n<p>Proceso continuo de mejoramiento de los est\u00e1ndares de calidad en la prestaci\u00f3n de los servicios de salud<\/p>\n<p><!-- \/wp:paragraph --><\/p>\n<\/div>\n<p><!-- \/wp:group --><\/p>\n<\/div>\n<p><!-- \/wp:group --><\/p>\n<p><!-- wp:group {\"align\":\"wide\",\"style\":{\"spacing\":{\"padding\":{\"top\":\"var:preset|spacing|10\",\"bottom\":\"var:preset|spacing|10\",\"left\":\"var:preset|spacing|10\",\"right\":\"var:preset|spacing|10\"},\"margin\":{\"top\":\"var:preset|spacing|30\",\"bottom\":\"var:preset|spacing|30\"},\"blockGap\":\"var:preset|spacing|10\"},\"color\":{\"background\":\"#e5e5e5\"}},\"layout\":{\"type\":\"flex\",\"orientation\":\"vertical\"}} --><\/p>\n<div class=\"wp-block-group alignwide has-background\" style=\"background-color: #e5e5e5; margin-top: var(--wp--preset--spacing--30); margin-bottom: var(--wp--preset--spacing--30); padding: var(--wp--preset--spacing--10);\">\n<p><!-- wp:group {\"layout\":{\"type\":\"flex\",\"orientation\":\"vertical\",\"verticalAlignment\":\"center\",\"justifyContent\":\"center\"}} --><\/p>\n<div class=\"wp-block-group\">\n<p><!-- wp:paragraph {\"align\":\"center\",\"style\":{\"layout\":{\"selfStretch\":\"fit\",\"flexSize\":null}},\"fontSize\":\"large\"} --><\/p>\n<p class=\"has-text-align-center has-large-font-size\"><strong>Pol\u00edtica de Calidad<\/strong><\/p>\n<p><!-- \/wp:paragraph --><\/p>\n<p><!-- wp:paragraph {\"style\":{\"layout\":{\"selfStretch\":\"fit\",\"flexSize\":null}}} --><\/p>\n<p>Ofrecemos servicios de alta calidad, comprometidos con nuestros clientes institucionales, la seguridad de los usuarios y el mejoramiento continuo de los procesos y el desarrollo humano, apoyados en un equipo altamente competente que trabaja con una tecnolog\u00eda actualizada, garantizando la humanizaci\u00f3n del servicio, la protecci\u00f3n del medio ambiente y el cumplimiento de las normas vigentes.<\/p>\n<p><!-- \/wp:paragraph --><\/p>\n<\/div>\n<p><!-- \/wp:group --><\/p>\n<\/div>\n<p><!-- \/wp:group --><\/p>\n<p><!-- wp:paragraph {\"align\":\"center\",\"fontSize\":\"large\"} --><\/p>\n<p class=\"has-text-align-center has-large-font-size\"><strong>Pol\u00edtica de privacidad<\/strong><\/p>\n<p><!-- \/wp:paragraph --><\/p>\n<p><!-- wp:file {\"id\":76,\"href\":\"https:\/\/uniondecirujanos.com\/wps\/wp-content\/uploads\/2024\/03\/GJ-GI-003-POLITICA-DE-PRIVACIDAD-Y-PROTECCION-DE-DATOS-PERSONALES.pdf\",\"showDownloadButton\":false,\"displayPreview\":true,\"previewHeight\":528,\"align\":\"wide\"} --><\/p>\n<div class=\"wp-block-file alignwide\"><object class=\"wp-block-file__embed\" style=\"width: 100%; height: 528px;\" data=\"https:\/\/uniondecirujanos.com\/wps\/wp-content\/uploads\/2024\/03\/GJ-GI-003-POLITICA-DE-PRIVACIDAD-Y-PROTECCION-DE-DATOS-PERSONALES.pdf\" type=\"application\/pdf\" width=\"300\" height=\"150\" aria-label=\"GJ-GI-003-POLITICA-DE-PRIVACIDAD-Y-PROTECCION-DE-DATOS-PERSONALES\"><\/object><a id=\"wp-block-file--media-a4b43a34-3537-4c39-8931-a321df3b2d43\" href=\"https:\/\/uniondecirujanos.com\/wps\/wp-content\/uploads\/2024\/03\/GJ-GI-003-POLITICA-DE-PRIVACIDAD-Y-PROTECCION-DE-DATOS-PERSONALES.pdf\">GJ-GI-003-POLITICA-DE-PRIVACIDAD-Y-PROTECCION-DE-DATOS-PERSONALES<\/a><\/div>\n<p><!-- \/wp:file --><\/p>\n<\/div>\n<p><!-- \/wp:group --><\/p>\t\t\t\t\t\t\t\t<\/div>\n\t\t\t\t<\/div>\n\t\t\t\t\t<\/div>\n\t\t\t\t<\/div>\n\t\t\t\t<\/div>\n\t\t","protected":false},"excerpt":{"rendered":"<p>Rese\u00f1a Hist\u00f3rica Fundada el 26 de agosto del 2010, naci\u00f3 de la idea de L\u00e1zaro Antonio Arango Molano Cirujano General y Gastrointestinal [&hellip;]<\/p>\n","protected":false},"author":1,"featured_media":0,"parent":0,"menu_order":0,"comment_status":"closed","ping_status":"closed","template":"elementor_header_footer","meta":{"_monsterinsights_skip_tracking":false,"_monsterinsights_sitenote_active":false,"_monsterinsights_sitenote_note":"","_monsterinsights_sitenote_category":0,"footnotes":""},"class_list":["post-31","page","type-page","status-publish","hentry"],"aioseo_notices":[],"_links":{"self":[{"href":"https:\/\/uniondecirujanos.com\/wps\/index.php?rest_route=\/wp\/v2\/pages\/31","targetHints":{"allow":["GET"]}}],"collection":[{"href":"https:\/\/uniondecirujanos.com\/wps\/index.php?rest_route=\/wp\/v2\/pages"}],"about":[{"href":"https:\/\/uniondecirujanos.com\/wps\/index.php?rest_route=\/wp\/v2\/types\/page"}],"author":[{"embeddable":true,"href":"https:\/\/uniondecirujanos.com\/wps\/index.php?rest_route=\/wp\/v2\/users\/1"}],"replies":[{"embeddable":true,"href":"https:\/\/uniondecirujanos.com\/wps\/index.php?rest_route=%2Fwp%2Fv2%2Fcomments&post=31"}],"version-history":[{"count":23,"href":"https:\/\/uniondecirujanos.com\/wps\/index.php?rest_route=\/wp\/v2\/pages\/31\/revisions"}],"predecessor-version":[{"id":452,"href":"https:\/\/uniondecirujanos.com\/wps\/index.php?rest_route=\/wp\/v2\/pages\/31\/revisions\/452"}],"wp:attachment":[{"href":"https:\/\/uniondecirujanos.com\/wps\/index.php?rest_route=%2Fwp%2Fv2%2Fmedia&parent=31"}],"curies":[{"name":"wp","href":"https:\/\/api.w.org\/{rel}","templated":true}]}}