{"id":215,"date":"2024-04-09T22:01:37","date_gmt":"2024-04-09T22:01:37","guid":{"rendered":"https:\/\/uniondecirujanos.com\/wps\/?page_id=215"},"modified":"2026-01-24T20:23:36","modified_gmt":"2026-01-24T20:23:36","slug":"politica-tratamiento-de-datos-personales","status":"publish","type":"page","link":"https:\/\/uniondecirujanos.com\/wps\/?page_id=215","title":{"rendered":"Pol\u00edtica Tratamiento de datos personales"},"content":{"rendered":"\t\t<div data-elementor-type=\"wp-page\" data-elementor-id=\"215\" class=\"elementor elementor-215\">\n\t\t\t\t<div class=\"elementor-element elementor-element-5bba631 e-flex e-con-boxed e-con e-parent\" data-id=\"5bba631\" data-element_type=\"container\" data-settings=\"{&quot;background_background&quot;:&quot;classic&quot;}\">\n\t\t\t\t\t<div class=\"e-con-inner\">\n\t\t\t\t<div class=\"elementor-element elementor-element-52462e5 elementor-widget elementor-widget-heading\" data-id=\"52462e5\" data-element_type=\"widget\" data-widget_type=\"heading.default\">\n\t\t\t\t<div class=\"elementor-widget-container\">\n\t\t\t\t\t<h2 class=\"elementor-heading-title elementor-size-default\">Pol\u00edtica de tratamiento de datos personales<\/h2>\t\t\t\t<\/div>\n\t\t\t\t<\/div>\n\t\t\t\t\t<\/div>\n\t\t\t\t<\/div>\n\t\t<div class=\"elementor-element elementor-element-122197c9 e-flex e-con-boxed e-con e-parent\" data-id=\"122197c9\" data-element_type=\"container\">\n\t\t\t\t\t<div class=\"e-con-inner\">\n\t\t\t\t<div class=\"elementor-element elementor-element-3d7b9c38 elementor-widget elementor-widget-text-editor\" data-id=\"3d7b9c38\" data-element_type=\"widget\" data-widget_type=\"text-editor.default\">\n\t\t\t\t<div class=\"elementor-widget-container\">\n\t\t\t\t\t\t\t\t\t\n<div class=\"wp-block-group alignfull has-global-padding is-layout-constrained wp-block-group-is-layout-constrained\" style=\"padding-top: var(--wp--preset--spacing--30); padding-bottom: var(--wp--preset--spacing--30);\">\n<div class=\"wp-block-group alignwide is-nowrap is-layout-flex wp-container-core-group-is-layout-6c531013 wp-block-group-is-layout-flex\">\n<div class=\"wp-block-group alignwide is-horizontal is-content-justification-center is-nowrap is-layout-flex wp-container-core-group-is-layout-2256e7f1 wp-block-group-is-layout-flex\">\n<div class=\"wp-block-group is-content-justification-center is-nowrap is-layout-flex wp-container-core-group-is-layout-23441af8 wp-block-group-is-layout-flex\">\n<div class=\"wp-block-group is-vertical is-layout-flex wp-container-core-group-is-layout-fe9cc265 wp-block-group-is-layout-flex\">\n<p>La presente pol\u00edtica de protecci\u00f3n de datos personales establece los procedimientos utilizados por UNION DE CIRUJANOS S.A.S para realizar el tratamiento (uso, recolecci\u00f3n, circulaci\u00f3n) de los datos personales, los cuales incluyen datos de pacientes, proveedores, colaboradores, ex funcionarios y terceros en general seg\u00fan lo establecido en las normas aplicables.<\/p>\n\n<p><br \/>La instituci\u00f3n realizar\u00e1 el tratamiento de datos personales y datos personales sensibles de conformidad a lo establecido en la presente Pol\u00edtica y en todo caso conforme a la Ley 1581 de 2012, Decreto 1377 de 2013, Resoluci\u00f3n 1995 de 1999 y dem\u00e1s normas que las modifiquen, adicionen o reglamenten.<\/p>\n\n<div class=\"wp-block-buttons is-content-justification-center is-layout-flex wp-container-core-buttons-is-layout-72caf8c6 wp-block-buttons-is-layout-flex\">\n<div class=\"wp-block-button has-custom-width wp-block-button__width-75 is-style-fill\"><a class=\"wp-block-button__link has-background has-medium-font-size has-custom-font-size wp-element-button\" style=\"background-color: #39375e; padding: var(--wp--preset--spacing--10) var(--wp--preset--spacing--20) var(--wp--preset--spacing--10) var(--wp--preset--spacing--20);\" href=\"https:\/\/uniondecirujanos.com\/wps\/wp-content\/uploads\/2024\/03\/UDC-GJ-MA-007-MANUAL-DE-POLITICAS-DE-TRATAMIENTO-Y-PROTECCION-DE-DATOS-PERSONALES-3.pdf\" target=\"_blank\" rel=\"noreferrer noopener nofollow\">Leer manual de protecci\u00f3n de datos personales UNION DE CIRUJANOS<\/a><\/div>\n\n<div class=\"wp-block-button has-custom-width wp-block-button__width-75 is-style-fill\"><a class=\"wp-block-button__link has-background has-medium-font-size has-custom-font-size wp-element-button\" style=\"background-color: #39375e; padding: var(--wp--preset--spacing--10) var(--wp--preset--spacing--20) var(--wp--preset--spacing--10) var(--wp--preset--spacing--20);\" href=\"https:\/\/uniondecirujanos.com\/wps\/wp-content\/uploads\/2024\/03\/UDC-GJ-GI-020-TERMINOS-Y-CONDICIONES-DE-USO-Y-POLITICA-DE-PRIVACIDAD-2.pdf\" target=\"_blank\" rel=\"noreferrer noopener nofollow\">Leer pol\u00edticas de tratamiento y protecci\u00f3n de datos personales UNION DE CIRUJANOS<\/a><\/div>\n<\/div>\n<\/div>\n<\/div>\n<\/div>\n\n<figure class=\"wp-block-image size-full\"><img fetchpriority=\"high\" decoding=\"async\" width=\"1448\" height=\"1086\" class=\"wp-image-208\" title=\"Stand de Enfermer\u00eda.\" src=\"https:\/\/uniondecirujanos.com\/wps\/wp-content\/uploads\/2024\/03\/Img.jpg\" alt=\"Uni\u00f3n de Cirujanos\" \/><\/figure>\n<\/div>\n<\/div>\n\t\t\t\t\t\t\t\t<\/div>\n\t\t\t\t<\/div>\n\t\t\t\t\t<\/div>\n\t\t\t\t<\/div>\n\t\t\t\t<\/div>\n\t\t","protected":false},"excerpt":{"rendered":"<p>Pol\u00edtica de tratamiento de datos personales La presente pol\u00edtica de protecci\u00f3n de datos personales establece los procedimientos utilizados por UNION DE CIRUJANOS [&hellip;]<\/p>\n","protected":false},"author":1,"featured_media":0,"parent":0,"menu_order":0,"comment_status":"closed","ping_status":"closed","template":"elementor_header_footer","meta":{"_monsterinsights_skip_tracking":false,"_monsterinsights_sitenote_active":false,"_monsterinsights_sitenote_note":"","_monsterinsights_sitenote_category":0,"footnotes":""},"class_list":["post-215","page","type-page","status-publish","hentry"],"aioseo_notices":[],"_links":{"self":[{"href":"https:\/\/uniondecirujanos.com\/wps\/index.php?rest_route=\/wp\/v2\/pages\/215","targetHints":{"allow":["GET"]}}],"collection":[{"href":"https:\/\/uniondecirujanos.com\/wps\/index.php?rest_route=\/wp\/v2\/pages"}],"about":[{"href":"https:\/\/uniondecirujanos.com\/wps\/index.php?rest_route=\/wp\/v2\/types\/page"}],"author":[{"embeddable":true,"href":"https:\/\/uniondecirujanos.com\/wps\/index.php?rest_route=\/wp\/v2\/users\/1"}],"replies":[{"embeddable":true,"href":"https:\/\/uniondecirujanos.com\/wps\/index.php?rest_route=%2Fwp%2Fv2%2Fcomments&post=215"}],"version-history":[{"count":27,"href":"https:\/\/uniondecirujanos.com\/wps\/index.php?rest_route=\/wp\/v2\/pages\/215\/revisions"}],"predecessor-version":[{"id":533,"href":"https:\/\/uniondecirujanos.com\/wps\/index.php?rest_route=\/wp\/v2\/pages\/215\/revisions\/533"}],"wp:attachment":[{"href":"https:\/\/uniondecirujanos.com\/wps\/index.php?rest_route=%2Fwp%2Fv2%2Fmedia&parent=215"}],"curies":[{"name":"wp","href":"https:\/\/api.w.org\/{rel}","templated":true}]}}