{"id":163,"date":"2024-03-19T17:00:59","date_gmt":"2024-03-19T17:00:59","guid":{"rendered":"https:\/\/uniondecirujanos.com\/wps\/?page_id=163"},"modified":"2026-01-23T20:24:07","modified_gmt":"2026-01-23T20:24:07","slug":"preparaciones-y-recomendaciones","status":"publish","type":"page","link":"https:\/\/uniondecirujanos.com\/wps\/?page_id=163","title":{"rendered":"Preparaciones y Recomendaciones"},"content":{"rendered":"\t\t<div data-elementor-type=\"wp-page\" data-elementor-id=\"163\" class=\"elementor elementor-163\">\n\t\t\t\t<div class=\"elementor-element elementor-element-8eaa623 e-flex e-con-boxed e-con e-parent\" data-id=\"8eaa623\" data-element_type=\"container\" data-settings=\"{&quot;background_background&quot;:&quot;classic&quot;}\">\n\t\t\t\t\t<div class=\"e-con-inner\">\n\t\t\t\t<div class=\"elementor-element elementor-element-16a89c6 elementor-widget elementor-widget-heading\" data-id=\"16a89c6\" data-element_type=\"widget\" data-widget_type=\"heading.default\">\n\t\t\t\t<div class=\"elementor-widget-container\">\n\t\t\t\t\t<h2 class=\"elementor-heading-title elementor-size-default\">Preparaciones y Recomendaciones<\/h2>\t\t\t\t<\/div>\n\t\t\t\t<\/div>\n\t\t\t\t\t<\/div>\n\t\t\t\t<\/div>\n\t\t<div class=\"elementor-element elementor-element-50893c5 e-flex e-con-boxed e-con e-parent\" data-id=\"50893c5\" data-element_type=\"container\">\n\t\t\t\t\t<div class=\"e-con-inner\">\n\t\t\t\t<div class=\"elementor-element elementor-element-b7e1a77 elementor-widget elementor-widget-heading\" data-id=\"b7e1a77\" data-element_type=\"widget\" data-widget_type=\"heading.default\">\n\t\t\t\t<div class=\"elementor-widget-container\">\n\t\t\t\t\t<h3 class=\"elementor-heading-title elementor-size-default\">RECOMENDACI\u00d3N PREVIO AL PROCEDIMIENTO.<\/h3>\t\t\t\t<\/div>\n\t\t\t\t<\/div>\n\t\t\t\t<div class=\"elementor-element elementor-element-2d12943 elementor-widget elementor-widget-text-editor\" data-id=\"2d12943\" data-element_type=\"widget\" data-widget_type=\"text-editor.default\">\n\t\t\t\t<div class=\"elementor-widget-container\">\n\t\t\t\t\t\t\t\t\t<p>Previo a la realizaci\u00f3n de su procedimiento, tenga en cuenta las siguientes indicaciones:<\/p>\n<ul>\n<li><strong>COLONOSCOPIA<\/strong>\n<ul>\n<li><a href=\"https:\/\/uniondecirujanos.com\/wps\/wp-content\/uploads\/2025\/03\/UDC__Preparacion-para-colonoscopia-total-enfermedades-de-base-Izinova.pdf\" target=\"_blank\" rel=\"nofollow noopener\">Preparaci\u00f3n colonoscopia \u2013 paciente con enfermedad de base<\/a><\/li>\n<li><a href=\"https:\/\/uniondecirujanos.com\/wps\/wp-content\/uploads\/2025\/03\/UDC_-Preparacion-para-Colonoscopia-total-Paciente-Sano-Modificado.pdf\" target=\"_blank\" rel=\"nofollow noopener sponsored\">Preparaci\u00f3n colonoscopia \u2013 paciente sano.<\/a><\/li>\n<li><a href=\"https:\/\/uniondecirujanos.com\/wps\/wp-content\/uploads\/2025\/03\/UDC_-Preparacion-para-Colonoscopia-total-Paciente-Sano-Modificado-Travad-Pik.pdf\">Preparaci\u00f3n colonoscopia \u2013 paciente sano \u2013 Travad Pik<\/a><\/li>\n<\/ul>\n<\/li>\n<li><strong>ENDOSCOPIA<\/strong>\n<ul>\n<li><a href=\"https:\/\/uniondecirujanos.com\/wps\/wp-content\/uploads\/2025\/01\/Prepacion-endoscopia-paciente-con-enfermedad-de-base-UDC.pdf\" target=\"_blank\" rel=\"noreferrer noopener nofollow\" data-type=\"link\" data-id=\"https:\/\/uniondecirujanos.com\/wps\/wp-content\/uploads\/2025\/01\/Prepacion-endoscopia-paciente-con-enfermedad-de-base-UDC.pdf\">Preparaci\u00f3n endoscopia \u2013 paciente con enfermedad de base.<\/a><\/li>\n<li><a href=\"https:\/\/uniondecirujanos.com\/wps\/wp-content\/uploads\/2025\/01\/Preparacion-endoscopia-paciente-sano-UDC.pdf\" target=\"_blank\" rel=\"noreferrer noopener nofollow\" data-type=\"link\" data-id=\"https:\/\/uniondecirujanos.com\/wps\/wp-content\/uploads\/2025\/01\/Preparacion-endoscopia-paciente-sano-UDC.pdf\">Preparaci\u00f3n endoscopia \u2013 paciente sano.<\/a><\/li>\n<\/ul>\n<\/li>\n<\/ul>\n<div>\n<p><strong>RECOMENDACI\u00d3N POSTERIOR AL PROCEDIMIENTO.<\/strong><\/p>\n<p>Despu\u00e9s de realizado el procedimiento (colonoscopia, endoscopia y procedimientos terap\u00e9uticos) por favor tenga en cuenta las siguientes recomendaciones:<\/p>\n<p><a href=\"https:\/\/uniondecirujanos.com\/wps\/wp-content\/uploads\/2024\/03\/ED-GI-003-INDICACIONES-POST-COLONOSCOPIA-ENDOSCOPIA-Y-PROCEDIMIENTOS-TERAPEUTICOS.pdf\" target=\"_blank\" rel=\"noreferrer noopener nofollow\" data-type=\"link\" data-id=\"https:\/\/uniondecirujanos.com\/wps\/wp-content\/uploads\/2024\/03\/ED-GI-003-INDICACIONES-POST-COLONOSCOPIA-ENDOSCOPIA-Y-PROCEDIMIENTOS-TERAPEUTICOS.pdf\">Indicaciones Post Colonoscopia-Endoscopia Y Procedimientos-Terap\u00e9uticos<\/a><\/p>\n<\/div>\t\t\t\t\t\t\t\t<\/div>\n\t\t\t\t<\/div>\n\t\t\t\t\t<\/div>\n\t\t\t\t<\/div>\n\t\t\t\t<\/div>\n\t\t","protected":false},"excerpt":{"rendered":"<p>Preparaciones y Recomendaciones RECOMENDACI\u00d3N PREVIO AL PROCEDIMIENTO. Previo a la realizaci\u00f3n de su procedimiento, tenga en cuenta las siguientes indicaciones: COLONOSCOPIA Preparaci\u00f3n [&hellip;]<\/p>\n","protected":false},"author":1,"featured_media":0,"parent":0,"menu_order":0,"comment_status":"closed","ping_status":"closed","template":"elementor_header_footer","meta":{"_monsterinsights_skip_tracking":false,"_monsterinsights_sitenote_active":false,"_monsterinsights_sitenote_note":"","_monsterinsights_sitenote_category":0,"footnotes":""},"class_list":["post-163","page","type-page","status-publish","hentry"],"aioseo_notices":[],"_links":{"self":[{"href":"https:\/\/uniondecirujanos.com\/wps\/index.php?rest_route=\/wp\/v2\/pages\/163","targetHints":{"allow":["GET"]}}],"collection":[{"href":"https:\/\/uniondecirujanos.com\/wps\/index.php?rest_route=\/wp\/v2\/pages"}],"about":[{"href":"https:\/\/uniondecirujanos.com\/wps\/index.php?rest_route=\/wp\/v2\/types\/page"}],"author":[{"embeddable":true,"href":"https:\/\/uniondecirujanos.com\/wps\/index.php?rest_route=\/wp\/v2\/users\/1"}],"replies":[{"embeddable":true,"href":"https:\/\/uniondecirujanos.com\/wps\/index.php?rest_route=%2Fwp%2Fv2%2Fcomments&post=163"}],"version-history":[{"count":37,"href":"https:\/\/uniondecirujanos.com\/wps\/index.php?rest_route=\/wp\/v2\/pages\/163\/revisions"}],"predecessor-version":[{"id":482,"href":"https:\/\/uniondecirujanos.com\/wps\/index.php?rest_route=\/wp\/v2\/pages\/163\/revisions\/482"}],"wp:attachment":[{"href":"https:\/\/uniondecirujanos.com\/wps\/index.php?rest_route=%2Fwp%2Fv2%2Fmedia&parent=163"}],"curies":[{"name":"wp","href":"https:\/\/api.w.org\/{rel}","templated":true}]}}