{"id":101,"date":"2024-03-19T15:38:29","date_gmt":"2024-03-19T15:38:29","guid":{"rendered":"https:\/\/uniondecirujanos.com\/wps\/?page_id=101"},"modified":"2026-01-24T20:16:24","modified_gmt":"2026-01-24T20:16:24","slug":"contactenos","status":"publish","type":"page","link":"https:\/\/uniondecirujanos.com\/wps\/?page_id=101","title":{"rendered":"Cont\u00e1ctenos"},"content":{"rendered":"\t\t<div data-elementor-type=\"wp-page\" data-elementor-id=\"101\" class=\"elementor elementor-101\">\n\t\t\t\t<div class=\"elementor-element elementor-element-19c5505 e-flex e-con-boxed e-con e-parent\" data-id=\"19c5505\" data-element_type=\"container\" data-settings=\"{&quot;background_background&quot;:&quot;classic&quot;}\">\n\t\t\t\t\t<div class=\"e-con-inner\">\n\t\t\t\t<div class=\"elementor-element elementor-element-67d0321 elementor-widget elementor-widget-heading\" data-id=\"67d0321\" data-element_type=\"widget\" data-widget_type=\"heading.default\">\n\t\t\t\t<div class=\"elementor-widget-container\">\n\t\t\t\t\t<h2 class=\"elementor-heading-title elementor-size-default\">Cont\u00e1ctanos<\/h2>\t\t\t\t<\/div>\n\t\t\t\t<\/div>\n\t\t\t\t\t<\/div>\n\t\t\t\t<\/div>\n\t\t<div class=\"elementor-element elementor-element-b8c01fb e-flex e-con-boxed e-con e-parent\" data-id=\"b8c01fb\" data-element_type=\"container\">\n\t\t\t\t\t<div class=\"e-con-inner\">\n\t\t\t\t<div class=\"elementor-element elementor-element-aa4e0d5 elementor-widget elementor-widget-text-editor\" data-id=\"aa4e0d5\" data-element_type=\"widget\" data-widget_type=\"text-editor.default\">\n\t\t\t\t<div class=\"elementor-widget-container\">\n\t\t\t\t\t\t\t\t\t<p><strong>OPQRS <\/strong>para radicar tus Opiniones, Peticiones, Quejas, Reclamos, Sugerencias, Denuncias o Felicitaciones, da clic\u00a0<a href=\"https:\/\/pws.almeraim.com\/form?data=eyJhcGlrZXkiOiIwQjZFMjkyODYwMEQwNzNDMjkzN0NEOTJGQ0ZCODY5ODNBODAyRjlGQkJBNkU1QjUwMkU1NUYwQjdDQUVEOTVGIiwiY29ubmVjdGlvbiI6InNnaW9uY29sb2dvc2RlbG9jY2lkZW50ZSIsImVuZHBvaW50IjoiaHR0cHMlM0ElMkYlMkZzZ2kuYWxtZXJhaW0uY29tJTJGc2dpJTJGYXBpJTJGdjIlMkYiLCJjb2RlIjoiUFFSLTAwMSJ9\" target=\"_blank\" rel=\"noreferrer noopener\" data-type=\"link\" data-id=\"https:\/\/pws.almeraim.com\/form?data=eyJhcGlrZXkiOiIwQjZFMjkyODYwMEQwNzNDMjkzN0NEOTJGQ0ZCODY5ODNBODAyRjlGQkJBNkU1QjUwMkU1NUYwQjdDQUVEOTVGIiwiY29ubmVjdGlvbiI6InNnaW9uY29sb2dvc2RlbG9jY2lkZW50ZSIsImVuZHBvaW50IjoiaHR0cHMlM0ElMkYlMkZzZ2kuYWxtZXJhaW0uY29tJTJGc2dpJTJGYXBpJTJGdjIlMkYiLCJjb2RlIjoiUFFSLTAwMSJ9\">AQU\u00cd.<\/a><\/p>\t\t\t\t\t\t\t\t<\/div>\n\t\t\t\t<\/div>\n\t\t<div class=\"elementor-element elementor-element-79c1af5 e-grid e-con-full e-con e-child\" data-id=\"79c1af5\" data-element_type=\"container\">\n\t\t\t\t<div class=\"elementor-element elementor-element-97e4562 elementor-widget elementor-widget-text-editor\" data-id=\"97e4562\" data-element_type=\"widget\" data-widget_type=\"text-editor.default\">\n\t\t\t\t<div class=\"elementor-widget-container\">\n\t\t\t\t\t\t\t\t\t<p>Horario de atenci\u00f3n en nuestra sede administrativa:<\/p>\t\t\t\t\t\t\t\t<\/div>\n\t\t\t\t<\/div>\n\t\t\t\t<div class=\"elementor-element elementor-element-e48286f elementor-widget elementor-widget-text-editor\" data-id=\"e48286f\" data-element_type=\"widget\" data-widget_type=\"text-editor.default\">\n\t\t\t\t<div class=\"elementor-widget-container\">\n\t\t\t\t\t\t\t\t\t<p><strong>Lunes a Viernes 8:00 am \u2013 11:30 am y 2:00 pm \u2013 5:00 pm.<\/strong><\/p>\t\t\t\t\t\t\t\t<\/div>\n\t\t\t\t<\/div>\n\t\t\t\t<\/div>\n\t\t\t\t\t<\/div>\n\t\t\t\t<\/div>\n\t\t<div class=\"elementor-element elementor-element-fe70922 e-flex e-con-boxed e-con e-parent\" data-id=\"fe70922\" data-element_type=\"container\">\n\t\t\t\t\t<div class=\"e-con-inner\">\n\t\t\t\t<div class=\"elementor-element elementor-element-42fbe44 elementor-widget elementor-widget-heading\" data-id=\"42fbe44\" data-element_type=\"widget\" data-widget_type=\"heading.default\">\n\t\t\t\t<div class=\"elementor-widget-container\">\n\t\t\t\t\t<h3 class=\"elementor-heading-title elementor-size-default\">Comunicados<\/h3>\t\t\t\t<\/div>\n\t\t\t\t<\/div>\n\t\t<div class=\"elementor-element elementor-element-9b26b29 e-con-full e-flex e-con e-child\" data-id=\"9b26b29\" data-element_type=\"container\">\n\t\t\t\t<div class=\"elementor-element elementor-element-01ed260 elementor-widget elementor-widget-text-editor\" data-id=\"01ed260\" data-element_type=\"widget\" data-widget_type=\"text-editor.default\">\n\t\t\t\t<div class=\"elementor-widget-container\">\n\t\t\t\t\t\t\t\t\t<p>Oficio informando actualizaci\u00f3n de tel\u00e9fono Uni\u00f3n de Cirujanos<\/p>\t\t\t\t\t\t\t\t<\/div>\n\t\t\t\t<\/div>\n\t\t\t\t<div class=\"elementor-element elementor-element-0b49e08 elementor-widget elementor-widget-button\" data-id=\"0b49e08\" data-element_type=\"widget\" data-widget_type=\"button.default\">\n\t\t\t\t<div class=\"elementor-widget-container\">\n\t\t\t\t\t\t\t\t\t<div class=\"elementor-button-wrapper\">\n\t\t\t\t\t<a class=\"elementor-button elementor-button-link elementor-size-sm elementor-animation-pulse\" href=\"https:\/\/uniondecirujanos.com\/wps\/wp-content\/uploads\/2024\/06\/Oficio-informando-actualizacion-de-telefono-Union-de-Cirujanos.pdf\" target=\"_blank\" rel=\"nofollow\">\n\t\t\t\t\t\t<span class=\"elementor-button-content-wrapper\">\n\t\t\t\t\t\t\t\t\t<span class=\"elementor-button-text\">Descargar<\/span>\n\t\t\t\t\t<\/span>\n\t\t\t\t\t<\/a>\n\t\t\t\t<\/div>\n\t\t\t\t\t\t\t\t<\/div>\n\t\t\t\t<\/div>\n\t\t\t\t<\/div>\n\t\t\t\t\t<\/div>\n\t\t\t\t<\/div>\n\t\t<div class=\"elementor-element elementor-element-f764b63 e-flex e-con-boxed e-con e-parent\" data-id=\"f764b63\" data-element_type=\"container\">\n\t\t\t\t\t<div class=\"e-con-inner\">\n\t\t\t\t<div class=\"elementor-element elementor-element-b01c6ec elementor-widget elementor-widget-heading\" data-id=\"b01c6ec\" data-element_type=\"widget\" data-widget_type=\"heading.default\">\n\t\t\t\t<div class=\"elementor-widget-container\">\n\t\t\t\t\t<h4 class=\"elementor-heading-title elementor-size-default\">Sede Cl\u00ednica la presentaci\u00f3n<\/h4>\t\t\t\t<\/div>\n\t\t\t\t<\/div>\n\t\t\t\t<div class=\"elementor-element elementor-element-7cef2de elementor-widget elementor-widget-text-editor\" data-id=\"7cef2de\" data-element_type=\"widget\" data-widget_type=\"text-editor.default\">\n\t\t\t\t<div class=\"elementor-widget-container\">\n\t\t\t\t\t\t\t\t\t<ul class=\"wp-block-list\">\n<li>Carrera 23 # 46 Esquina, Segundo piso. Manizales, Caldas.<\/li>\n<\/ul>\t\t\t\t\t\t\t\t<\/div>\n\t\t\t\t<\/div>\n\t\t\t\t<div class=\"elementor-element elementor-element-b04aa54 elementor-widget elementor-widget-image\" data-id=\"b04aa54\" data-element_type=\"widget\" data-widget_type=\"image.default\">\n\t\t\t\t<div class=\"elementor-widget-container\">\n\t\t\t\t\t\t\t\t\t\t\t\t\t\t\t<img fetchpriority=\"high\" decoding=\"async\" width=\"1024\" height=\"576\" src=\"https:\/\/uniondecirujanos.com\/wps\/wp-content\/uploads\/2024\/03\/Img-6.jpeg\" class=\"attachment-large size-large wp-image-128\" alt=\"Oficina de atenci\u00f3n al usuario.\" \/>\t\t\t\t\t\t\t\t\t\t\t\t\t\t\t<\/div>\n\t\t\t\t<\/div>\n\t\t\t\t\t<\/div>\n\t\t\t\t<\/div>\n\t\t\t\t<\/div>\n\t\t","protected":false},"excerpt":{"rendered":"<p>Cont\u00e1ctanos OPQRS para radicar tus Opiniones, Peticiones, Quejas, Reclamos, Sugerencias, Denuncias o Felicitaciones, da clic\u00a0AQU\u00cd. Horario de atenci\u00f3n en nuestra sede administrativa: [&hellip;]<\/p>\n","protected":false},"author":1,"featured_media":0,"parent":0,"menu_order":1,"comment_status":"closed","ping_status":"closed","template":"elementor_header_footer","meta":{"_monsterinsights_skip_tracking":false,"_monsterinsights_sitenote_active":false,"_monsterinsights_sitenote_note":"","_monsterinsights_sitenote_category":0,"footnotes":""},"class_list":["post-101","page","type-page","status-publish","hentry"],"aioseo_notices":[],"_links":{"self":[{"href":"https:\/\/uniondecirujanos.com\/wps\/index.php?rest_route=\/wp\/v2\/pages\/101","targetHints":{"allow":["GET"]}}],"collection":[{"href":"https:\/\/uniondecirujanos.com\/wps\/index.php?rest_route=\/wp\/v2\/pages"}],"about":[{"href":"https:\/\/uniondecirujanos.com\/wps\/index.php?rest_route=\/wp\/v2\/types\/page"}],"author":[{"embeddable":true,"href":"https:\/\/uniondecirujanos.com\/wps\/index.php?rest_route=\/wp\/v2\/users\/1"}],"replies":[{"embeddable":true,"href":"https:\/\/uniondecirujanos.com\/wps\/index.php?rest_route=%2Fwp%2Fv2%2Fcomments&post=101"}],"version-history":[{"count":37,"href":"https:\/\/uniondecirujanos.com\/wps\/index.php?rest_route=\/wp\/v2\/pages\/101\/revisions"}],"predecessor-version":[{"id":523,"href":"https:\/\/uniondecirujanos.com\/wps\/index.php?rest_route=\/wp\/v2\/pages\/101\/revisions\/523"}],"wp:attachment":[{"href":"https:\/\/uniondecirujanos.com\/wps\/index.php?rest_route=%2Fwp%2Fv2%2Fmedia&parent=101"}],"curies":[{"name":"wp","href":"https:\/\/api.w.org\/{rel}","templated":true}]}}